{"id":8182,"date":"2025-06-20T06:41:49","date_gmt":"2025-06-20T04:41:49","guid":{"rendered":"https:\/\/alsagolux.hr\/premium-jednokrevetna\/"},"modified":"2026-01-16T14:18:53","modified_gmt":"2026-01-16T12:18:53","slug":"premium-single-room","status":"publish","type":"page","link":"https:\/\/alsagolux.hr\/en\/premium-single-room\/","title":{"rendered":"Premium single room"},"content":{"rendered":"\t\t<div data-elementor-type=\"wp-page\" data-elementor-id=\"8182\" class=\"elementor elementor-8182 elementor-6041\" data-elementor-post-type=\"page\">\n\t\t\t\t\t\t<section class=\"elementor-section elementor-top-section elementor-element elementor-element-14f870e6 elementor-section-full_width elementor-section-height-default elementor-section-height-default\" data-id=\"14f870e6\" data-element_type=\"section\">\n\t\t\t\t\t\t<div class=\"elementor-container elementor-column-gap-no\">\n\t\t\t\t\t<div class=\"elementor-column elementor-col-100 elementor-top-column elementor-element elementor-element-49963414\" data-id=\"49963414\" data-element_type=\"column\">\n\t\t\t<div class=\"elementor-widget-wrap elementor-element-populated\">\n\t\t\t\t\t\t<div class=\"elementor-element elementor-element-48285450 elementor-align-left elementor-widget elementor-widget-home-5-slider\" data-id=\"48285450\" data-element_type=\"widget\" data-widget_type=\"home-5-slider.default\">\n\t\t\t\t<div class=\"elementor-widget-container\">\n\t\t\t\t\t\n\t\t<header class=\"header slider-fade\">\n\t\t\t<div class=\"owl-carousel owl-theme\">\n\t\t\t\t<!-- The opacity on the image is made with \"data-overlay-dark=\"number\". You can change it using the numbers 0-9. -->\n\t\t\t\t\t\t\t\t\t\t\t\t\t\t\t<div class=\"text-center item bg-img\" data-overlay-dark=\"2\" data-background=\"https:\/\/alsagolux.hr\/wp-content\/uploads\/2025\/06\/alsagolux-premiumjednokrevetna-naslovna.webp\">\n\t\t\t\t\t\t\t\t\t\t\t\t<div class=\"v-middle caption\">\n\t\t\t\t\t\t\t<div class=\"container\">\n\t\t\t\t\t\t\t\t<div class=\"row\">\n\t\t\t\t\t\t\t\t\t<div class=\"col-md-10 offset-md-1\">\n\t\t\t\t\t\t\t\t\t\t\t\t\t\t\t\t\t\t\t\t<span>\n\t\t\t\t\t\t\t\t\t\t\t\t\t\t\t\t\t\t\t\t\t\t\t<i class=\"star-rating\"><\/i>\n\t\t\t\t\t\t\t\t\t\t\t\t<i class=\"star-rating\"><\/i>\n\t\t\t\t\t\t\t\t\t\t\t\t<i class=\"star-rating\"><\/i>\n\t\t\t\t\t\t\t\t\t\t\t\t<i class=\"star-rating\"><\/i>\n\t\t\t\t\t\t\t\t\t\t\t\t\t\t\t\t\t\t\t\t\t\t<\/span>\n\t\t\t\t\t\t\t\t\t\t\t\t\t\t\t\t\t\t\t\t\t\t\t\t\t\t\t\t\t\t\t\t\t<h4>Alsago lux<\/h4>\n\t\t\t\t\t\t\t\t\t\t\t\t\t\t\t\t\t\t\t\t\t\t\t\t\t\t\t\t\t\t\t\t\t\t<h1>Premium<br>single<br>room<\/h1>\n\t\t\t\t\t\t\t\t\t\t\t\t\t\t\t\t\t\t\t\t\t\t\t\t\t\t\t\t\t\t\t\t<\/div>\n\t\t\t\t\t\t\t\t\t<\/div>\n\t\t\t\t\t\t\t\t<\/div>\n\t\t\t\t\t\t\t<\/div>\n\t\t\t\t\t\t<\/div>\n\t\t\t\t\t\t\t\t\t\t\t\t\t\t\t\t<div class=\"text-center item bg-img\" data-overlay-dark=\"2\" data-background=\"https:\/\/alsagolux.hr\/wp-content\/uploads\/2025\/06\/alsagolux-premium-jednokrevetna-naslovna1.webp\">\n\t\t\t\t\t\t\t\t\t\t\t\t<div class=\"v-middle caption\">\n\t\t\t\t\t\t\t<div class=\"container\">\n\t\t\t\t\t\t\t\t<div class=\"row\">\n\t\t\t\t\t\t\t\t\t<div class=\"col-md-10 offset-md-1\">\n\t\t\t\t\t\t\t\t\t\t\t\t\t\t\t\t\t\t\t\t<span>\n\t\t\t\t\t\t\t\t\t\t\t\t\t\t\t\t\t\t\t\t\t\t\t<i class=\"star-rating\"><\/i>\n\t\t\t\t\t\t\t\t\t\t\t\t<i class=\"star-rating\"><\/i>\n\t\t\t\t\t\t\t\t\t\t\t\t<i class=\"star-rating\"><\/i>\n\t\t\t\t\t\t\t\t\t\t\t\t<i class=\"star-rating\"><\/i>\n\t\t\t\t\t\t\t\t\t\t\t\t\t\t\t\t\t\t\t\t\t\t<\/span>\n\t\t\t\t\t\t\t\t\t\t\t\t\t\t\t\t\t\t\t\t\t\t\t\t\t\t\t\t\t\t\t\t\t<h4>alsago lux <\/h4>\n\t\t\t\t\t\t\t\t\t\t\t\t\t\t\t\t\t\t\t\t\t\t\t\t\t\t\t\t\t\t\t\t\t\t<h1>Premium<br>single<br>room<\/h1>\n\t\t\t\t\t\t\t\t\t\t\t\t\t\t\t\t\t\t\t\t\t\t\t\t\t\t\t\t\t\t\t\t<\/div>\n\t\t\t\t\t\t\t\t\t<\/div>\n\t\t\t\t\t\t\t\t<\/div>\n\t\t\t\t\t\t\t<\/div>\n\t\t\t\t\t\t<\/div>\n\t\t\t\t\t\t\t\t\t<\/div>\n\t\t\t\t<!-- slider reservation -->\n\t\t\t\t\t\t\t\t<div class=\"reservation\">\n\t\t\t\t\t<a href=\"tel:091 214 0000\">\n\t\t\t\t\t\t<div class=\"icon d-flex justify-content-center align-items-center\">\n\t\t\t\t\t\t\t<i class=\"flaticon-call\"><\/i>\n\t\t\t\t\t\t<\/div>\n\t\t\t\t\t\t<div class=\"call\"><span>091 214 0000<\/span> <br>Reservation<\/div>\n\t\t\t\t\t<\/a>\n\t\t\t\t<\/div>\n\t\t\t\t\t<\/header>\n\n\t\n\t\t\t\t\t<\/div>\n\t\t\t\t<\/div>\n\t\t\t\t\t<\/div>\n\t\t<\/div>\n\t\t\t\t\t<\/div>\n\t\t<\/section>\n\t\t\t\t<section class=\"elementor-section elementor-top-section elementor-element elementor-element-41767da2 elementor-section-full_width elementor-section-height-default elementor-section-height-default\" data-id=\"41767da2\" data-element_type=\"section\" data-settings=\"{&quot;background_background&quot;:&quot;classic&quot;}\">\n\t\t\t\t\t\t<div class=\"elementor-container elementor-column-gap-no\">\n\t\t\t\t\t<div class=\"elementor-column elementor-col-100 elementor-top-column elementor-element elementor-element-173d632f\" data-id=\"173d632f\" data-element_type=\"column\">\n\t\t\t<div class=\"elementor-widget-wrap elementor-element-populated\">\n\t\t\t\t\t\t<div class=\"elementor-element elementor-element-7101bcd6 elementor-align-left elementor-widget elementor-widget-home-about\" data-id=\"7101bcd6\" data-element_type=\"widget\" data-widget_type=\"home-about.default\">\n\t\t\t\t<div class=\"elementor-widget-container\">\n\t\t\t\t\t\n\t\t<section class=\"about section-padding\">\n\t\t\t<h2 style=\"display: none!important;\">The Cappa<\/h2>\n\t\t\t<div class=\"container\">\n\t\t\t\t<div class=\"row\">\n\t\t\t\t\t<div class=\"col-md-6 mb-30 animate-box\" data-animate-effect=\"fadeInUp\">\n\t\t\t\t\t\t\t\t\t\t\t\t<span>\n\t\t\t\t\t\t\t\t\t\t\t\t\t\t\t<i class=\"star-rating\"><\/i>\n\t\t\t\t\t\t\t\t<i class=\"star-rating\"><\/i>\n\t\t\t\t\t\t\t\t<i class=\"star-rating\"><\/i>\n\t\t\t\t\t\t\t\t<i class=\"star-rating\"><\/i>\n\t\t\t\t\t\t\t\t\t\t\t\t\t<\/span>\n\t\t\t\t\t\t\t\t\t\t\t\t\t\t\t\t\t\t<div class=\"section-subtitle\">Alsago Lux <\/div>\n\t\t\t\t\t\t\t\t\t\t\t\t\t\t\t\t\t\t<div class=\"section-title\">Premium<br>single room<\/div>\n\t\t\t\t\t\t\t\t\t\t\t\t\t\t\t\t\t\t<p>The Premium Single Room offers more space and added comfort, making it a great choice for business travelers or guests in transit. Designed to combine modern style with everyday functionality, the room features a comfortable single bed, a sleek private bathroom with a shower and luxury toiletries, a TV, minibar, luggage space, and free Wi-Fi.\nFully air-conditioned and bright, the room includes a dedicated work desk and is perfect for working, planning your day, or simply relaxing. \nEntry is secured via a smart lock system for convenience and privacy.\nAn ideal option for longer stays, this room strikes the perfect balance between comfort and practicality.\n\n\n.<\/p>\t\t\t\t\t\t\t\t\t\t\t\t<!-- call -->\n\t\t\t\t\t\t\t\t\t\t\t\t<div class=\"reservations\">\n\t\t\t\t\t\t\t<div class=\"icon\"><span class=\"flaticon-call\"><\/span><\/div>\n\t\t\t\t\t\t\t<div class=\"text\">\n\t\t\t\t\t\t\t\t<p>Rezervacije:<\/p> <a href=\"tel:+385 91 214 0000\">+385 91 214 0000<\/a><br><a href=\"tel:+385 1 3301 001\">+385 1 3301 001<\/a>\t\t\t\t\t\t\t<\/div>\n\t\t\t\t\t\t<\/div>\n\t\t\t\t\t\t\t\t\t\t\t<\/div>\n\t\t\t\t\t\t\t\t\t\t<div class=\"col col-md-3 animate-box\" data-animate-effect=\"fadeInUp\">\n\t\t\t\t\t\t<img decoding=\"async\" src=\"https:\/\/alsagolux.hr\/wp-content\/uploads\/2022\/04\/alsagolux-twin-premium-izbor-.webp\" alt=\"\" class=\"mt-90 mb-30\">\n\t\t\t\t\t<\/div>\n\t\t\t\t\t\t\t\t\t\t\t\t\t\t\t<div class=\"col col-md-3 animate-box\" data-animate-effect=\"fadeInUp\">\n\t\t\t\t\t\t<img decoding=\"async\" src=\"https:\/\/alsagolux.hr\/wp-content\/uploads\/2018\/09\/alsago-lux-057.webp\" alt=\"\">\n\t\t\t\t\t<\/div>\n\t\t\t\t\t\t\t\t\t<\/div>\n\t\t\t<\/div>\n\t\t<\/section>\n\n\t\t\t\t\t<\/div>\n\t\t\t\t<\/div>\n\t\t\t\t\t<\/div>\n\t\t<\/div>\n\t\t\t\t\t<\/div>\n\t\t<\/section>\n\t\t<div class=\"elementor-element elementor-element-5401852 e-flex e-con-boxed e-con e-parent\" data-id=\"5401852\" data-element_type=\"container\">\n\t\t\t\t\t<div class=\"e-con-inner\">\n\t\t\t\t<div class=\"elementor-element elementor-element-92936c4 elementor-align-left elementor-widget elementor-widget-pages-gallery\" data-id=\"92936c4\" data-element_type=\"widget\" data-widget_type=\"pages-gallery.default\">\n\t\t\t\t<div class=\"elementor-widget-container\">\n\t\t\t\t\t\r\n\t\t<section class=\"section-padding\">\r\n\t\t\t<div class=\"container\">\r\n\t\t\t\t<div class=\"row\">\r\n\t\t\t\t\t<div class=\"col-md-12\">\r\n\t\t\t\t\t\t\t\t\t\t\t\t\t<div class=\"section-subtitle\">Photos<\/div>\r\n\t\t\t\t\t\t\t\t\t\t\t\t\t\t\t\t\t\t\t<div class=\"section-title\">Photos Premium Single room<\/div>\r\n\t\t\t\t\t\t\t\t\t\t\t<\/div>\r\n\t\t\t\t\t<!-- 3 columns -->\r\n\t\t\t\t\t\t\t\t\t\t\t\t\t\t\t\t\t<div class=\"col-md-6 gallery-item\">\r\n\t\t\t\t\t\t\t\t\t\t\t\t\t\t\t\t\t\t\t<a href=\"https:\/\/alsagolux.hr\/wp-content\/uploads\/2025\/06\/alsago-lux-127.webp\" title=\"\" class=\"img-zoom\">\r\n\t\t\t\t\t\t\t\t<div class=\"gallery-box\">\r\n\t\t\t\t\t\t\t\t\t<div class=\"gallery-img\"> <img decoding=\"async\" src=\"https:\/\/alsagolux.hr\/wp-content\/uploads\/2025\/06\/alsago-lux-127.webp\" class=\"img-fluid mx-auto d-block\" alt=\"work-img\"> <\/div>\r\n\t\t\t\t\t\t\t\t<\/div>\r\n\t\t\t\t\t\t\t<\/a>\r\n\t\t\t\t\t\t\t\t\t\t\t\t\t<\/div>\r\n\t\t\t\t\t\t\t\t\t\t\t\t\t\t\t\t\t<div class=\"col-md-6 gallery-item\">\r\n\t\t\t\t\t\t\t\t\t\t\t\t\t\t\t\t\t\t\t<a href=\"https:\/\/alsagolux.hr\/wp-content\/uploads\/2018\/09\/jednokrevetna-premium-soba-alsagolux.webp\" title=\"\" class=\"img-zoom\">\r\n\t\t\t\t\t\t\t\t<div class=\"gallery-box\">\r\n\t\t\t\t\t\t\t\t\t<div class=\"gallery-img\"> <img decoding=\"async\" src=\"https:\/\/alsagolux.hr\/wp-content\/uploads\/2018\/09\/jednokrevetna-premium-soba-alsagolux.webp\" class=\"img-fluid mx-auto d-block\" alt=\"work-img\"> <\/div>\r\n\t\t\t\t\t\t\t\t<\/div>\r\n\t\t\t\t\t\t\t<\/a>\r\n\t\t\t\t\t\t\t\t\t\t\t\t\t<\/div>\r\n\t\t\t\t\t\t\t\t\t\t\t\t\t\t\t\t\t<div class=\"col-md-4 gallery-item\">\r\n\t\t\t\t\t\t\t\t\t\t\t\t\t\t\t\t\t\t\t<a href=\"https:\/\/alsagolux.hr\/wp-content\/uploads\/2018\/09\/alsago-lux-089.webp\" title=\"\" class=\"img-zoom\">\r\n\t\t\t\t\t\t\t\t<div class=\"gallery-box\">\r\n\t\t\t\t\t\t\t\t\t<div class=\"gallery-img\"> <img decoding=\"async\" src=\"https:\/\/alsagolux.hr\/wp-content\/uploads\/2018\/09\/alsago-lux-089.webp\" class=\"img-fluid mx-auto d-block\" alt=\"work-img\"> <\/div>\r\n\t\t\t\t\t\t\t\t<\/div>\r\n\t\t\t\t\t\t\t<\/a>\r\n\t\t\t\t\t\t\t\t\t\t\t\t\t<\/div>\r\n\t\t\t\t\t\t\t\t\t\t\t\t\t\t\t\t\t<div class=\"col-md-4 gallery-item\">\r\n\t\t\t\t\t\t\t\t\t\t\t\t\t\t\t\t\t\t\t<a href=\"https:\/\/alsagolux.hr\/wp-content\/uploads\/2018\/09\/alsago-lux-057.webp\" title=\"\" class=\"img-zoom\">\r\n\t\t\t\t\t\t\t\t<div class=\"gallery-box\">\r\n\t\t\t\t\t\t\t\t\t<div class=\"gallery-img\"> <img decoding=\"async\" src=\"https:\/\/alsagolux.hr\/wp-content\/uploads\/2018\/09\/alsago-lux-057.webp\" class=\"img-fluid mx-auto d-block\" alt=\"work-img\"> <\/div>\r\n\t\t\t\t\t\t\t\t<\/div>\r\n\t\t\t\t\t\t\t<\/a>\r\n\t\t\t\t\t\t\t\t\t\t\t\t\t<\/div>\r\n\t\t\t\t\t\t\t\t\t\t\t\t\t\t\t\t\t<div class=\"col-md-4 gallery-item\">\r\n\t\t\t\t\t\t\t\t\t\t\t\t\t\t\t\t\t\t\t<a href=\"https:\/\/alsagolux.hr\/wp-content\/uploads\/2022\/04\/alsagolux-twin-premium-izbor.webp\" title=\"\" class=\"img-zoom\">\r\n\t\t\t\t\t\t\t\t<div class=\"gallery-box\">\r\n\t\t\t\t\t\t\t\t\t<div class=\"gallery-img\"> <img decoding=\"async\" src=\"https:\/\/alsagolux.hr\/wp-content\/uploads\/2022\/04\/alsagolux-twin-premium-izbor.webp\" class=\"img-fluid mx-auto d-block\" alt=\"work-img\"> <\/div>\r\n\t\t\t\t\t\t\t\t<\/div>\r\n\t\t\t\t\t\t\t<\/a>\r\n\t\t\t\t\t\t\t\t\t\t\t\t\t<\/div>\r\n\t\t\t\t\t\t\t\t\t<\/div>\r\n\t\t\t<\/div>\r\n\t\t<\/section>\r\n\t\t\r\n\r\n\t\t\t\t\t<\/div>\n\t\t\t\t<\/div>\n\t\t\t\t<div class=\"elementor-element elementor-element-742aba6 elementor-align-center elementor-widget elementor-widget-button\" data-id=\"742aba6\" data-element_type=\"widget\" data-widget_type=\"button.default\">\n\t\t\t\t<div class=\"elementor-widget-container\">\n\t\t\t\t\t\t\t\t\t<div class=\"elementor-button-wrapper\">\n\t\t\t\t\t<a class=\"elementor-button elementor-button-link elementor-size-sm elementor-animation-push\" href=\"https:\/\/alsagolux.book.rentl.io?unitTypeId=e007e7da-1b8b-45a1-b563-903d8b714a06\" target=\"_blank\" rel=\"noopener\">\n\t\t\t\t\t\t<span class=\"elementor-button-content-wrapper\">\n\t\t\t\t\t\t\t\t\t<span class=\"elementor-button-text\">Rezerviraj<\/span>\n\t\t\t\t\t<\/span>\n\t\t\t\t\t<\/a>\n\t\t\t\t<\/div>\n\t\t\t\t\t\t\t\t<\/div>\n\t\t\t\t<\/div>\n\t\t\t\t\t<\/div>\n\t\t\t\t<\/div>\n\t\t\t\t<section class=\"elementor-section elementor-top-section elementor-element elementor-element-1d4d79bf elementor-section-full_width elementor-section-height-default elementor-section-height-default\" data-id=\"1d4d79bf\" data-element_type=\"section\" data-settings=\"{&quot;background_background&quot;:&quot;classic&quot;}\">\n\t\t\t\t\t\t<div class=\"elementor-container elementor-column-gap-no\">\n\t\t\t\t\t<div class=\"elementor-column elementor-col-100 elementor-top-column elementor-element elementor-element-206e4bbe\" data-id=\"206e4bbe\" data-element_type=\"column\">\n\t\t\t<div class=\"elementor-widget-wrap elementor-element-populated\">\n\t\t\t\t\t\t<div class=\"elementor-element elementor-element-eb36f4a elementor-align-left elementor-widget elementor-widget-home-services\" data-id=\"eb36f4a\" data-element_type=\"widget\" data-widget_type=\"home-services.default\">\n\t\t\t\t<div class=\"elementor-widget-container\">\n\t\t\t\t\t\r\n\t\t<section class=\"facilties section-padding\">\r\n\t\t\t<div class=\"container\">\r\n\t\t\t\t<div class=\"row\">\r\n\t\t\t\t\t<div class=\"col-md-12\">\r\n\t\t\t\t\t\t\t\t\t\t\t\t\t\t\t\t\t<\/div>\r\n\t\t\t\t<\/div>\r\n\t\t\t\t<div class=\"row\">\r\n\t\t\t\t\t\t\t\t\t\t\t<div class=\"col-md-4\">\r\n\t\t\t\t\t\t\t<div class=\"single-facility animate-box\" data-animate-effect=\"fadeInUp\">\r\n\t\t\t\t\t\t\t\t\t\t\t\t\t\t\t\t\t<span class=\"flaticon-car\"><\/span>\r\n\t\t\t\t\t\t\t\t\t\t\t\t\t\t\t\t\t\t\t\t\t\t\t\t\t<h5>Besplatni parking<\/h5>\r\n\t\t\t\t\t\t\t\t\t\t\t\t\t\t\t\t\t\t\t\t\t\t\t\t\t<p>Objekt je pod video nadzorom kao i besplatni parking koji je tako\u0111er pod video nadzorom. <\/p>\r\n\t\t\t\t\t\t\t\t\t\t\t\t\t\t\t\t\t\t\t\t\t\t\t\t\t<div class=\"facility-shape\">\r\n\t\t\t\t\t\t\t\t\t\t<span class=\"flaticon-car\"><\/span> \r\n\t\t\t\t\t\t\t\t\t<\/div>\r\n\t\t\t\t\t\t\t\t\t\t\t\t\t\t\t<\/div>\r\n\t\t\t\t\t\t<\/div>\r\n\t\t\t\t\t\t\t\t\t\t\t<div class=\"col-md-4\">\r\n\t\t\t\t\t\t\t<div class=\"single-facility animate-box\" data-animate-effect=\"fadeInUp\">\r\n\t\t\t\t\t\t\t\t\t\t\t\t\t\t\t\t\t<span class=\"flaticon-bed\"><\/span>\r\n\t\t\t\t\t\t\t\t\t\t\t\t\t\t\t\t\t\t\t\t\t\t\t\t\t<h5>Klimatiziran prostor<\/h5>\r\n\t\t\t\t\t\t\t\t\t\t\t\t\t\t\t\t\t\t\t\t\t\t\t\t\t<p>Sve sobe imaju podno grijanje i hla\u0111enje te dodatnu klimu u svakoj sobi. <\/p>\r\n\t\t\t\t\t\t\t\t\t\t\t\t\t\t\t\t\t\t\t\t\t\t\t\t\t<div class=\"facility-shape\">\r\n\t\t\t\t\t\t\t\t\t\t<span class=\"flaticon-bed\"><\/span> \r\n\t\t\t\t\t\t\t\t\t<\/div>\r\n\t\t\t\t\t\t\t\t\t\t\t\t\t\t\t<\/div>\r\n\t\t\t\t\t\t<\/div>\r\n\t\t\t\t\t\t\t\t\t\t\t<div class=\"col-md-4\">\r\n\t\t\t\t\t\t\t<div class=\"single-facility animate-box\" data-animate-effect=\"fadeInUp\">\r\n\t\t\t\t\t\t\t\t\t\t\t\t\t\t\t\t\t<span class=\"flaticon-bath\"><\/span>\r\n\t\t\t\t\t\t\t\t\t\t\t\t\t\t\t\t\t\t\t\t\t\t\t\t\t<h5>Kupaonica<\/h5>\r\n\t\t\t\t\t\t\t\t\t\t\t\t\t\t\t\t\t\t\t\t\t\t\t\t\t<p>Svaka soba ima svoju vlastitu kupaonicu sa tu\u0161em.<\/p>\r\n\t\t\t\t\t\t\t\t\t\t\t\t\t\t\t\t\t\t\t\t\t\t\t\t\t<div class=\"facility-shape\">\r\n\t\t\t\t\t\t\t\t\t\t<span class=\"flaticon-bath\"><\/span> \r\n\t\t\t\t\t\t\t\t\t<\/div>\r\n\t\t\t\t\t\t\t\t\t\t\t\t\t\t\t<\/div>\r\n\t\t\t\t\t\t<\/div>\r\n\t\t\t\t\t\t\t\t\t\t\t<div class=\"col-md-4\">\r\n\t\t\t\t\t\t\t<div class=\"single-facility animate-box\" data-animate-effect=\"fadeInUp\">\r\n\t\t\t\t\t\t\t\t\t\t\t\t\t\t\t\t\t<span class=\"flaticon-towel\"><\/span>\r\n\t\t\t\t\t\t\t\t\t\t\t\t\t\t\t\t\t\t\t\t\t\t\t\t\t<h5>Toaletni lux set za njegu<\/h5>\r\n\t\t\t\t\t\t\t\t\t\t\t\t\t\t\t\t\t\t\t\t\t\t\t\t\t<p>u svakoj sobi je postavljen toaletni set za osobnu njegu<\/p>\r\n\t\t\t\t\t\t\t\t\t\t\t\t\t\t\t\t\t\t\t\t\t\t\t\t\t<div class=\"facility-shape\">\r\n\t\t\t\t\t\t\t\t\t\t<span class=\"flaticon-towel\"><\/span> \r\n\t\t\t\t\t\t\t\t\t<\/div>\r\n\t\t\t\t\t\t\t\t\t\t\t\t\t\t\t<\/div>\r\n\t\t\t\t\t\t<\/div>\r\n\t\t\t\t\t\t\t\t\t\t\t<div class=\"col-md-4\">\r\n\t\t\t\t\t\t\t<div class=\"single-facility animate-box\" data-animate-effect=\"fadeInUp\">\r\n\t\t\t\t\t\t\t\t\t\t\t\t\t\t\t\t\t<span class=\"flaticon-breakfast\"><\/span>\r\n\t\t\t\t\t\t\t\t\t\t\t\t\t\t\t\t\t\t\t\t\t\t\t\t\t<h5>Mini bar \/ Sef<\/h5>\r\n\t\t\t\t\t\t\t\t\t\t\t\t\t\t\t\t\t\t\t\t\t\t\t\t\t<p>u svim sobama postavljeni su  sefovi  i mini barovi <\/p>\r\n\t\t\t\t\t\t\t\t\t\t\t\t\t\t\t\t\t\t\t\t\t\t\t\t\t<div class=\"facility-shape\">\r\n\t\t\t\t\t\t\t\t\t\t<span class=\"flaticon-breakfast\"><\/span> \r\n\t\t\t\t\t\t\t\t\t<\/div>\r\n\t\t\t\t\t\t\t\t\t\t\t\t\t\t\t<\/div>\r\n\t\t\t\t\t\t<\/div>\r\n\t\t\t\t\t\t\t\t\t\t\t<div class=\"col-md-4\">\r\n\t\t\t\t\t\t\t<div class=\"single-facility animate-box\" data-animate-effect=\"fadeInUp\">\r\n\t\t\t\t\t\t\t\t\t\t\t\t\t\t\t\t\t<span class=\"flaticon-wifi\"><\/span>\r\n\t\t\t\t\t\t\t\t\t\t\t\t\t\t\t\t\t\t\t\t\t\t\t\t\t<h5>Wi-fi<\/h5>\r\n\t\t\t\t\t\t\t\t\t\t\t\t\t\t\t\t\t\t\t\t\t\t\t\t\t<p>U cijelom objektu besplatan Wifi<\/p>\r\n\t\t\t\t\t\t\t\t\t\t\t\t\t\t\t\t\t\t\t\t\t\t\t\t\t<div class=\"facility-shape\">\r\n\t\t\t\t\t\t\t\t\t\t<span class=\"flaticon-wifi\"><\/span> \r\n\t\t\t\t\t\t\t\t\t<\/div>\r\n\t\t\t\t\t\t\t\t\t\t\t\t\t\t\t<\/div>\r\n\t\t\t\t\t\t<\/div>\r\n\t\t\t\t\t\t\t\t\t<\/div>\r\n\t\t\t<\/div>\r\n\t\t<\/section>\r\n\r\n\t\t\t\t\t<\/div>\n\t\t\t\t<\/div>\n\t\t\t\t\t<\/div>\n\t\t<\/div>\n\t\t\t\t\t<\/div>\n\t\t<\/section>\n\t\t\t\t<section class=\"elementor-section elementor-top-section elementor-element elementor-element-41050ff3 elementor-section-full_width elementor-section-height-default elementor-section-height-default\" data-id=\"41050ff3\" data-element_type=\"section\">\n\t\t\t\t\t\t<div class=\"elementor-container elementor-column-gap-no\">\n\t\t\t\t\t<div class=\"elementor-column elementor-col-100 elementor-top-column elementor-element elementor-element-57cfbff0\" data-id=\"57cfbff0\" data-element_type=\"column\">\n\t\t\t<div class=\"elementor-widget-wrap elementor-element-populated\">\n\t\t\t\t\t\t<div class=\"elementor-element elementor-element-ccc97a1 elementor-align-left elementor-widget elementor-widget-home-pricing\" data-id=\"ccc97a1\" data-element_type=\"widget\" data-widget_type=\"home-pricing.default\">\n\t\t\t\t<div class=\"elementor-widget-container\">\n\t\t\t\t\t\r\n\t\t\t\t<section class=\"pricing section-padding\">\r\n\t\t\t \r\n\t\t\t<h2 style=\"display: none!important;\">The Cappa<\/h2>\r\n\t\t\t<div class=\"container\">\r\n\t\t\t\t<div class=\"row\">\r\n\t\t\t\t\t<div class=\"col-md-4\">\r\n\t\t\t\t\t\t\t\t\t\t\t\t<div class=\"section-subtitle\"><span>Alsago Lux<\/span><\/div>\r\n\t\t\t\t\t\t\t\t\t\t\t\t\t\t\t\t\t\t<div class=\"section-title\"><span>Dodatne usluge prijevoza<\/span><\/div>\r\n\t\t\t\t\t\t\t\t\t\t\t\t\t\t\t\t\t\t<p>Po prethodnom dogovoru i ovisno o raspolo\u017eivosti, nudimo i dodatne usluge kako bismo se maksimalno prilagodili va\u0161im planovima i \u017eeljama.<\/p><p>Bez obzira putujete li poslovno, u turisti\u010dke svrhe ili tra\u017eite ugodan boravak izvan u\u017eurbanog gradskog sredi\u0161ta, na\u0161 hotel predstavlja idealan spoj udobnosti, pristupa\u010dnosti i profesionalne usluge, uz niz dodatnih sadr\u017eaja i pogodnosti koje \u0107e va\u0161 boravak u\u010diniti potpunim.<\/p>\t\t\t\t\t\t\t\t\t\t\t\t\t\t\t\t\t\t<div class=\"reservations mb-30\">\r\n\t\t\t\t\t\t\t<div class=\"icon\"><span class=\"flaticon-call\"><\/span><\/div>\r\n\t\t\t\t\t\t\t<div class=\"text\">\r\n\t\t\t\t\t\t\t\t<p class=\"color-2\">Za vi\u0161e informacija<\/p> <a href=\"tel:+385 91 214 0000\">+385 91 214 0000<\/a><br><a href=\"tel:+385 1 3301 001\">+385 1 3301 001<\/a>\t\t\t\t\t\t\t<\/div>\r\n\t\t\t\t\t\t<\/div>\r\n\t\t\t\t\t\t\t\t\t\t\t<\/div>\r\n\t\t\t\t\t<div class=\"col-md-8\">\r\n\t\t\t\t\t\t<div class=\"owl-carousel owl-theme\">\r\n\t\t\t\t\t\t\t\t\t\t\t\t\t\t\t<div class=\"pricing-card\">\r\n\t\t\t\t\t\t\t\t\t\t\t\t\t\t\t\t\t\t<img decoding=\"async\" src=\"https:\/\/alsagolux.hr\/wp-content\/uploads\/2025\/06\/transfer-alsagolux-s-copy.webp\" alt=\"\">\r\n\t\t\t\t\t\t\t\t\t\t\t\t\t\t\t\t\t\t<div class=\"desc\">\r\n\t\t\t\t\t\t\t\t\t\t\t\t\t\t\t\t\t\t\t\t<div class=\"name\">Ekskluzivni transferi<\/div>\r\n\t\t\t\t\t\t\t\t\t\t\t\t\t\t\t\t\t\t\t\t\t\t\t\t\t\t\t\t\t\t\t\t\t\t\t\t\t\t\t\t<ul class=\"list-unstyled list\">\r\n\t\t\t\t\t\t\t\t\t\t\t<li><i class=\"ti-check\"><\/i> potrebna rezervacija <\/li>\n<li><i class=\"ti-check\"><\/i> dodatna naplata transfera<\/li>\n<li><i class=\"ti-check\"><\/i>lokacija po izboru<\/li>\t\t\t\t\t\t\t\t\t\t<\/ul>\r\n\t\t\t\t\t\t\t\t\t\t\t\t\t\t\t\t\t\t\t<\/div>\r\n\t\t\t\t\t\t\t\t<\/div>\r\n\t\t\t\t\t\t\t\t\t\t\t\t\t\t\t<div class=\"pricing-card\">\r\n\t\t\t\t\t\t\t\t\t\t\t\t\t\t\t\t\t\t<img decoding=\"async\" src=\"https:\/\/alsagolux.hr\/wp-content\/uploads\/2025\/06\/transfer-alsagolux-s-copy-2.webp\" alt=\"\">\r\n\t\t\t\t\t\t\t\t\t\t\t\t\t\t\t\t\t\t<div class=\"desc\">\r\n\t\t\t\t\t\t\t\t\t\t\t\t\t\t\t\t\t\t\t\t<div class=\"name\">Usluge restorana<\/div>\r\n\t\t\t\t\t\t\t\t\t\t\t\t\t\t\t\t\t\t\t\t\t\t\t\t\t\t\t\t\t\t<div class=\"amount\">(uskoro)<\/div>\r\n\t\t\t\t\t\t\t\t\t\t\t\t\t\t\t\t\t\t\t\t\t\t\t\t\t\t\t\t\t\t<ul class=\"list-unstyled list\">\r\n\t\t\t\t\t\t\t\t\t\t\t<li><i class=\"ti-check\"><\/i> nije potrebna rezervacija<\/li>\n\n\t\t\t\t\t\t\t\t\t\t<\/ul>\r\n\t\t\t\t\t\t\t\t\t\t\t\t\t\t\t\t\t\t\t<\/div>\r\n\t\t\t\t\t\t\t\t<\/div>\r\n\t\t\t\t\t\t\t\t\t\t\t\t\t<\/div>\r\n\t\t\t\t\t<\/div>\r\n\t\t\t\t<\/div>\r\n\t\t\t<\/div>\r\n\t\t<\/section>\r\n\t\t\t\t\t<\/div>\n\t\t\t\t<\/div>\n\t\t\t\t\t<\/div>\n\t\t<\/div>\n\t\t\t\t\t<\/div>\n\t\t<\/section>\n\t\t\t\t<section class=\"elementor-section elementor-top-section elementor-element elementor-element-4c2aee34 elementor-section-full_width elementor-section-height-default elementor-section-height-default\" data-id=\"4c2aee34\" data-element_type=\"section\">\n\t\t\t\t\t\t<div class=\"elementor-container elementor-column-gap-no\">\n\t\t\t\t\t<div class=\"elementor-column elementor-col-100 elementor-top-column elementor-element elementor-element-11f4f98\" data-id=\"11f4f98\" data-element_type=\"column\">\n\t\t\t<div class=\"elementor-widget-wrap elementor-element-populated\">\n\t\t\t\t\t\t<div class=\"elementor-element elementor-element-dcfc2ef elementor-align-left elementor-widget elementor-widget-home-testimonials-2\" data-id=\"dcfc2ef\" data-element_type=\"widget\" data-widget_type=\"home-testimonials-2.default\">\n\t\t\t\t<div class=\"elementor-widget-container\">\n\t\t\t\t\t\n\t\t<section class=\"testimonials\">\n\t\t\t\t\t\t<div class=\"background bg-img bg-fixed section-padding pb-0\" data-background=\"https:\/\/alsagolux.hr\/wp-content\/uploads\/2025\/06\/alsagolux-naslovna-premium-jednokrevetna.webp\" data-overlay-dark=\"2\">\n\t\t\t\t\t\t\t<div class=\"container\">\n\t\t\t\t\t<div class=\"row\">\n\t\t\t\t\t\t<!-- Reservation -->\n\t\t\t\t\t\t<div class=\"col-md-5 mb-30 mt-30\">\n\t\t\t\t\t\t\t\t\t\t\t\t\t\t<p>\t\t\t\t\t\t\t\t<i class=\"star-rating\"><\/i>\n\t\t\t\t\t\t\t\t<i class=\"star-rating\"><\/i>\n\t\t\t\t\t\t\t\t<i class=\"star-rating\"><\/i>\n\t\t\t\t\t\t\t\t<i class=\"star-rating\"><\/i>\n\t\t\t\t\t\t\t<\/p>\n\t\t\t\t\t\t\t\t\t\t\t\t\t\t\t\t\t\t\t\t\t<h5>U ovom objektu raspola\u017eemo s ukupno 16 moderno opremljenih soba, osmi\u0161ljenih kako bi gostima pru\u017eile maksimalnu udobnost, privatnost.  Svaka soba ima vlastitu kupaonicu s tu\u0161em, klima-ure\u0111ajem, TV-om, besplatni Wi-Fi, sefom ,mini barom i automatskom bravom. Sve za va\u0161 bezbri\u017ean i opu\u0161ten boravak.<\/h5>\n\t\t\t\t\t\t\t\t\t\t\t\t\t\t\t\t\t\t\t\t\t<div class=\"reservations mb-30\">\n\t\t\t\t\t\t\t\t<div class=\"icon color-1\"><span class=\"flaticon-call\"><\/span><\/div>\n\t\t\t\t\t\t\t\t<div class=\"text\">\n\t\t\t\t\t\t\t\t\t<p class=\"color-1\">Rezervacije<\/p> <a class=\"color-1\" href=\"tel:+385 91 214 0000\">+385 91 214 0000<\/a><br><a class=\"color-1\" href=\"tel:+385 1 3301 001\">+385 1 3301 001<\/a>\t\t\t\t\t\t\t\t<\/div>\n\t\t\t\t\t\t\t<\/div>\n\t\t\t\t\t\t\t\t\t\t\t\t\t\t\t\t\t\t\t\t\t<p><i class=\"ti-check\"><\/i><small>Nazovite nas<\/small><\/p>\n\t\t\t\t\t\t\t\t\t\t\t\t\t<\/div>\n\t\t\t\t\t\t<!-- Booking From -->\n\t\t\t\t\t\t<div class=\"col-md-5 offset-md-2\">\n\t\t\t\t\t\t\t\t\t\t\t\t\t<\/div>\n\t\t\t\t\t<\/div>\n\t\t\t\t<\/div>\n\t\t\t<\/div>\n\t\t<\/section>\n\n\t\t\n\t\t\t\t\t<\/div>\n\t\t\t\t<\/div>\n\t\t\t\t\t<\/div>\n\t\t<\/div>\n\t\t\t\t\t<\/div>\n\t\t<\/section>\n\t\t\t\t<\/div>\n\t\t","protected":false},"excerpt":{"rendered":"<p>Alsago lux Premium single room alsago lux Premium single room 091 214 0000 Reservation The Cappa Alsago Lux Premium single room The Premium Single Room offers more space and added comfort, making it a great choice for business travelers or guests in transit. Designed to combine modern style with everyday functionality, the room features a [&hellip;]<\/p>\n","protected":false},"author":1,"featured_media":0,"parent":0,"menu_order":0,"comment_status":"closed","ping_status":"closed","template":"page-templates\/home-dark-2.php","meta":{"footnotes":""},"class_list":["post-8182","page","type-page","status-publish","hentry"],"_links":{"self":[{"href":"https:\/\/alsagolux.hr\/en\/wp-json\/wp\/v2\/pages\/8182","targetHints":{"allow":["GET"]}}],"collection":[{"href":"https:\/\/alsagolux.hr\/en\/wp-json\/wp\/v2\/pages"}],"about":[{"href":"https:\/\/alsagolux.hr\/en\/wp-json\/wp\/v2\/types\/page"}],"author":[{"embeddable":true,"href":"https:\/\/alsagolux.hr\/en\/wp-json\/wp\/v2\/users\/1"}],"replies":[{"embeddable":true,"href":"https:\/\/alsagolux.hr\/en\/wp-json\/wp\/v2\/comments?post=8182"}],"version-history":[{"count":11,"href":"https:\/\/alsagolux.hr\/en\/wp-json\/wp\/v2\/pages\/8182\/revisions"}],"predecessor-version":[{"id":8219,"href":"https:\/\/alsagolux.hr\/en\/wp-json\/wp\/v2\/pages\/8182\/revisions\/8219"}],"wp:attachment":[{"href":"https:\/\/alsagolux.hr\/en\/wp-json\/wp\/v2\/media?parent=8182"}],"curies":[{"name":"wp","href":"https:\/\/api.w.org\/{rel}","templated":true}]}}